{"id":243,"date":"2026-03-11T04:29:23","date_gmt":"2026-03-11T04:29:23","guid":{"rendered":"https:\/\/aristiremodelinginc.com\/?page_id=243"},"modified":"2026-03-20T02:40:08","modified_gmt":"2026-03-20T02:40:08","slug":"doors-windows","status":"publish","type":"page","link":"https:\/\/aristiremodelinginc.com\/es\/doors-windows\/","title":{"rendered":"Puertas &amp; Ventanas"},"content":{"rendered":"<div data-elementor-type=\"wp-page\" data-elementor-id=\"243\" class=\"elementor elementor-243\">\n\t\t\t\t<div class=\"elementor-element elementor-element-edcbd43 e-flex e-con-boxed e-con e-parent\" data-id=\"edcbd43\" data-element_type=\"container\" data-e-type=\"container\">\n\t\t\t\t\t<div class=\"e-con-inner\">\n\t\t\t\t<div class=\"elementor-element elementor-element-3d5e54c elementor-widget elementor-widget-heading\" data-id=\"3d5e54c\" data-element_type=\"widget\" data-e-type=\"widget\" data-widget_type=\"heading.default\">\n\t\t\t\t\t<h2 class=\"elementor-heading-title elementor-size-default\"><p data-pm-slice=\"1 1 []\">Puertas &amp; Ventanas<span style=\"font-size: 2rem\"><\/span><\/p><\/h2>\t\t\t\t<\/div>\n\t\t\t\t\t<\/div>\n\t\t\t\t<\/div>\n\t\t<div class=\"elementor-element elementor-element-edb5273 e-flex e-con-boxed e-con e-parent\" data-id=\"edb5273\" data-element_type=\"container\" data-e-type=\"container\">\n\t\t\t\t\t<div class=\"e-con-inner\">\n\t\t\t\t<div class=\"elementor-element elementor-element-b90f53a elementor-widget elementor-widget-video\" data-id=\"b90f53a\" data-element_type=\"widget\" data-e-type=\"widget\" data-settings=\"{&quot;video_type&quot;:&quot;hosted&quot;,&quot;controls&quot;:&quot;yes&quot;}\" data-widget_type=\"video.default\">\n\t\t\t\t\t\t\t<div class=\"e-hosted-video elementor-wrapper elementor-open-inline\">\n\t\t\t\t\t<video class=\"elementor-video\" src=\"https:\/\/aristiremodelinginc.com\/wp-content\/uploads\/2026\/03\/WhatsApp-Video-2026-03-19-at-7.09.52-PM.mp4\" controls=\"\" preload=\"metadata\" controlslist=\"nodownload\"><\/video>\n\t\t\t\t<\/div>\n\t\t\t\t\t\t<\/div>\n\t\t\t\t\t<\/div>\n\t\t\t\t<\/div>\n\t\t<div class=\"elementor-element elementor-element-2f79842 e-flex e-con-boxed e-con e-parent\" data-id=\"2f79842\" data-element_type=\"container\" data-e-type=\"container\">\n\t\t\t\t\t<div class=\"e-con-inner\">\n\t\t\t\t<div class=\"elementor-element elementor-element-379c456 elementor-widget elementor-widget-heading\" data-id=\"379c456\" data-element_type=\"widget\" data-e-type=\"widget\" data-widget_type=\"heading.default\">\n\t\t\t\t\t<h2 class=\"elementor-heading-title elementor-size-default\"><p data-pm-slice=\"1 1 []\">Profesional instalaci\u00f3n de Puertas &amp; Ventanas<span style=\"font-size: 2rem\"><\/span><\/p><\/h2>\t\t\t\t<\/div>\n\t\t\t\t\t<\/div>\n\t\t\t\t<\/div>\n\t\t<div class=\"elementor-element elementor-element-9efcfe5 e-flex e-con-boxed e-con e-parent\" data-id=\"9efcfe5\" data-element_type=\"container\" data-e-type=\"container\">\n\t\t\t\t\t<div class=\"e-con-inner\">\n\t\t\t\t<div class=\"elementor-element elementor-element-d57332d elementor-widget elementor-widget-text-editor\" data-id=\"d57332d\" data-element_type=\"widget\" data-e-type=\"widget\" data-widget_type=\"text-editor.default\">\n\t\t\t\t\t\t\t\t\t<p>En Aristi Remodeling Inc., ofrecemos servicios profesionales de instalaci\u00f3n de puertas y ventanas para proyectos de remodelaci\u00f3n residencial. Nuestro equipo garantiza una instalaci\u00f3n precisa, un sellado adecuado y acabados duraderos para mejorar tanto la apariencia como la funcionalidad de su hogar.<\/p>\t\t\t\t\t\t\t\t<\/div>\n\t\t\t\t<div class=\"elementor-element elementor-element-cbb1c9f elementor-widget elementor-widget-text-editor\" data-id=\"cbb1c9f\" data-element_type=\"widget\" data-e-type=\"widget\" data-widget_type=\"text-editor.default\">\n\t\t\t\t\t\t\t\t\t<p><strong>Nuestros servicios de puertas &amp; ventanas incluyen:<\/strong><\/p><p>\u2022 Instalaci\u00f3n de puertas interiores<br \/>\u2022 Instalaci\u00f3n de puertas exteriores<br \/>\u2022 Instalaci\u00f3n de ventana<br \/>\u2022 Estructuras de puertas y ventanas<br \/>\u2022 Reemplazo de puertas y ventanas antiguas<br \/>\u2022 Acabados e instalaci\u00f3n de molduras<\/p>\t\t\t\t\t\t\t\t<\/div>\n\t\t\t\t\t<\/div>\n\t\t\t\t<\/div>\n\t\t<div class=\"elementor-element elementor-element-68f7de6 e-flex e-con-boxed e-con e-parent\" data-id=\"68f7de6\" data-element_type=\"container\" data-e-type=\"container\">\n\t\t\t\t\t<div class=\"e-con-inner\">\n\t\t\t\t<div class=\"elementor-element elementor-element-b8f7c90 elementor-widget elementor-widget-heading\" data-id=\"b8f7c90\" data-element_type=\"widget\" data-e-type=\"widget\" data-widget_type=\"heading.default\">\n\t\t\t\t\t<h2 class=\"elementor-heading-title elementor-size-default\"><p data-pm-slice=\"1 1 []\">Ver m\u00e1s de nuestro trabajo\n<\/p><\/h2>\t\t\t\t<\/div>\n\t\t\t\t\t<\/div>\n\t\t\t\t<\/div>\n\t\t<div class=\"elementor-element elementor-element-4a1615d e-flex e-con-boxed e-con e-parent\" data-id=\"4a1615d\" data-element_type=\"container\" data-e-type=\"container\">\n\t\t\t\t\t<div class=\"e-con-inner\">\n\t\t\t\t<div class=\"elementor-element elementor-element-a33019f elementor-widget elementor-widget-text-editor\" data-id=\"a33019f\" data-element_type=\"widget\" data-e-type=\"widget\" data-widget_type=\"text-editor.default\">\n\t\t\t\t\t\t\t\t\t<p>Para ver m\u00e1s de nuestros proyectos de remodelaci\u00f3n, instalaci\u00f3n de drywall, puertas y ventanas, visite nuestras redes sociales, donde compartimos regularmente trabajos reales, el progreso de los proyectos y transformaciones de hogares.<\/p>\t\t\t\t\t\t\t\t<\/div>\n\t\t\t\t\t<\/div>\n\t\t\t\t<\/div>\n\t\t<div class=\"elementor-element elementor-element-20b4ca7 e-flex e-con-boxed e-con e-parent\" data-id=\"20b4ca7\" data-element_type=\"container\" data-e-type=\"container\">\n\t\t\t\t\t<div class=\"e-con-inner\">\n\t\t\t\t<div class=\"elementor-element elementor-element-88cc6bf elementor-widget elementor-widget-button\" data-id=\"88cc6bf\" data-element_type=\"widget\" data-e-type=\"widget\" data-widget_type=\"button.default\">\n\t\t\t\t\t\t\t\t\t\t<a class=\"elementor-button elementor-button-link elementor-size-sm\" href=\"https:\/\/www.tiktok.com\/@aristiremodelinginc?_r=1&#038;_t=ZP-94aC3RNSRiQ\" target=\"_blank\" rel=\"noopener\">\n\t\t\t\t\t\t<span class=\"elementor-button-content-wrapper\">\n\t\t\t\t\t\t\t\t\t<span class=\"elementor-button-text\">Mira nuestro trabajo en TikTok<\/span>\n\t\t\t\t\t<\/span>\n\t\t\t\t\t<\/a>\n\t\t\t\t\t\t\t\t<\/div>\n\t\t\t\t\t<\/div>\n\t\t\t\t<\/div>\n\t\t<div class=\"elementor-element elementor-element-29ef6de e-flex e-con-boxed e-con e-parent\" data-id=\"29ef6de\" data-element_type=\"container\" data-e-type=\"container\">\n\t\t\t\t\t<div class=\"e-con-inner\">\n\t\t\t\t<div class=\"elementor-element elementor-element-1896bb9 elementor-widget elementor-widget-heading\" data-id=\"1896bb9\" data-element_type=\"widget\" data-e-type=\"widget\" data-widget_type=\"heading.default\">\n\t\t\t\t\t<h2 class=\"elementor-heading-title elementor-size-default\"><p data-pm-slice=\"1 1 []\">Obt\u00e9n tu cotizaci\u00f3n GRATIS<span style=\"font-size: 2rem\"><\/span><\/p><\/h2>\t\t\t\t<\/div>\n\t\t\t\t\t<\/div>\n\t\t\t\t<\/div>\n\t\t<div class=\"elementor-element elementor-element-9ebac92 e-flex e-con-boxed e-con e-parent\" data-id=\"9ebac92\" data-element_type=\"container\" data-e-type=\"container\">\n\t\t\t\t\t<div class=\"e-con-inner\">\n\t\t\t\t<div class=\"elementor-element elementor-element-6179ac9 elementor-widget elementor-widget-text-editor\" data-id=\"6179ac9\" data-element_type=\"widget\" data-e-type=\"widget\" data-widget_type=\"text-editor.default\">\n\t\t\t\t\t\t\t\t\t<p>\u00bfBusca servicios profesionales de instalaci\u00f3n de puertas y ventanas?<\/p><p>Comun\u00edquese hoy mismo con Aristi Remodeling para solicitar un presupuesto gratuito. Nuestro equipo est\u00e1 listo para ayudarle a mejorar su hogar con un servicio confiable y una mano de obra profesional.<\/p>\t\t\t\t\t\t\t\t<\/div>\n\t\t\t\t\t<\/div>\n\t\t\t\t<\/div>\n\t\t<div class=\"elementor-element elementor-element-e6ee0c7 e-flex e-con-boxed e-con e-parent\" data-id=\"e6ee0c7\" data-element_type=\"container\" data-e-type=\"container\">\n\t\t\t\t\t<div class=\"e-con-inner\">\n\t\t\t\t<div class=\"elementor-element elementor-element-f92324f elementor-widget elementor-widget-button\" data-id=\"f92324f\" data-element_type=\"widget\" data-e-type=\"widget\" data-widget_type=\"button.default\">\n\t\t\t\t\t\t\t\t\t\t<a class=\"elementor-button elementor-button-link elementor-size-sm\" href=\"\/#contact\">\n\t\t\t\t\t\t<span class=\"elementor-button-content-wrapper\">\n\t\t\t\t\t\t\t\t\t<span class=\"elementor-button-text\">Obt\u00e9n tu cotizaci\u00f3n GRATIS<\/span>\n\t\t\t\t\t<\/span>\n\t\t\t\t\t<\/a>\n\t\t\t\t\t\t\t\t<\/div>\n\t\t\t\t\t<\/div>\n\t\t\t\t<\/div>\n\t\t<div class=\"elementor-element elementor-element-34e1cb5 e-flex e-con-boxed e-con e-parent\" data-id=\"34e1cb5\" data-element_type=\"container\" data-e-type=\"container\">\n\t\t\t\t\t<div class=\"e-con-inner\">\n\t\t\t\t\t<\/div>\n\t\t\t\t<\/div>\n\t\t\t\t<\/div>","protected":false},"excerpt":{"rendered":"<p>Doors &amp; Windows https:\/\/aristiremodelinginc.com\/wp-content\/uploads\/2026\/03\/WhatsApp-Video-2026-03-19-at-7.09.52-PM.mp4 Professional Doors &amp; Windows Installation At Aristi Remodeling Inc., we provide professional door and window installation services for residential remodeling projects. Our team ensures precise installation, proper sealing, and durable finishes to improve both the appearance and functionality of your home. Our Doors &amp; Windows Services Include: \u2022 Interior door installation\u2022 [&hellip;]<\/p>\n","protected":false},"author":1,"featured_media":0,"parent":0,"menu_order":0,"comment_status":"closed","ping_status":"closed","template":"","meta":{"_joinchat":[],"footnotes":""},"class_list":["post-243","page","type-page","status-publish","hentry"],"_links":{"self":[{"href":"https:\/\/aristiremodelinginc.com\/es\/wp-json\/wp\/v2\/pages\/243","targetHints":{"allow":["GET"]}}],"collection":[{"href":"https:\/\/aristiremodelinginc.com\/es\/wp-json\/wp\/v2\/pages"}],"about":[{"href":"https:\/\/aristiremodelinginc.com\/es\/wp-json\/wp\/v2\/types\/page"}],"author":[{"embeddable":true,"href":"https:\/\/aristiremodelinginc.com\/es\/wp-json\/wp\/v2\/users\/1"}],"replies":[{"embeddable":true,"href":"https:\/\/aristiremodelinginc.com\/es\/wp-json\/wp\/v2\/comments?post=243"}],"version-history":[{"count":58,"href":"https:\/\/aristiremodelinginc.com\/es\/wp-json\/wp\/v2\/pages\/243\/revisions"}],"predecessor-version":[{"id":342,"href":"https:\/\/aristiremodelinginc.com\/es\/wp-json\/wp\/v2\/pages\/243\/revisions\/342"}],"wp:attachment":[{"href":"https:\/\/aristiremodelinginc.com\/es\/wp-json\/wp\/v2\/media?parent=243"}],"curies":[{"name":"wp","href":"https:\/\/api.w.org\/{rel}","templated":true}]}}