{"id":235,"date":"2026-03-11T03:56:10","date_gmt":"2026-03-11T03:56:10","guid":{"rendered":"https:\/\/aristiremodelinginc.com\/?page_id=235"},"modified":"2026-03-20T04:07:08","modified_gmt":"2026-03-20T04:07:08","slug":"remodeling","status":"publish","type":"page","link":"https:\/\/aristiremodelinginc.com\/es\/remodeling\/","title":{"rendered":"Remodelaci\u00f3n"},"content":{"rendered":"<div data-elementor-type=\"wp-page\" data-elementor-id=\"235\" class=\"elementor elementor-235\">\n\t\t\t\t<div class=\"elementor-element elementor-element-d479797 e-flex e-con-boxed e-con e-parent\" data-id=\"d479797\" data-element_type=\"container\" data-e-type=\"container\">\n\t\t\t\t\t<div class=\"e-con-inner\">\n\t\t\t\t<div class=\"elementor-element elementor-element-a553ab6 elementor-widget elementor-widget-heading\" data-id=\"a553ab6\" data-element_type=\"widget\" data-e-type=\"widget\" data-widget_type=\"heading.default\">\n\t\t\t\t\t<h2 class=\"elementor-heading-title elementor-size-default\">Servicios de Remodelaci\u00f3n<\/h2>\t\t\t\t<\/div>\n\t\t\t\t\t<\/div>\n\t\t\t\t<\/div>\n\t\t<div class=\"elementor-element elementor-element-12fadbd e-flex e-con-boxed e-con e-parent\" data-id=\"12fadbd\" data-element_type=\"container\" data-e-type=\"container\">\n\t\t\t\t\t<div class=\"e-con-inner\">\n\t\t\t\t<div class=\"elementor-element elementor-element-086b0f9 elementor-widget elementor-widget-video\" data-id=\"086b0f9\" data-element_type=\"widget\" data-e-type=\"widget\" data-settings=\"{&quot;video_type&quot;:&quot;hosted&quot;,&quot;controls&quot;:&quot;yes&quot;}\" data-widget_type=\"video.default\">\n\t\t\t\t\t\t\t<div class=\"e-hosted-video elementor-wrapper elementor-open-inline\">\n\t\t\t\t\t<video class=\"elementor-video\" src=\"https:\/\/aristiremodelinginc.com\/wp-content\/uploads\/2026\/03\/WhatsApp-Video-2026-03-20-at-12.04.32-AM.mp4\" controls=\"\" preload=\"metadata\" controlslist=\"nodownload\"><\/video>\n\t\t\t\t<\/div>\n\t\t\t\t\t\t<\/div>\n\t\t\t\t\t<\/div>\n\t\t\t\t<\/div>\n\t\t<div class=\"elementor-element elementor-element-7d3cc4d e-flex e-con-boxed e-con e-parent\" data-id=\"7d3cc4d\" data-element_type=\"container\" data-e-type=\"container\">\n\t\t\t\t\t<div class=\"e-con-inner\">\n\t\t\t\t<div class=\"elementor-element elementor-element-d425423 elementor-widget elementor-widget-heading\" data-id=\"d425423\" data-element_type=\"widget\" data-e-type=\"widget\" data-widget_type=\"heading.default\">\n\t\t\t\t\t<h2 class=\"elementor-heading-title elementor-size-default\">Profesional Servicios de Remodelaci\u00f3n<\/h2>\t\t\t\t<\/div>\n\t\t\t\t\t<\/div>\n\t\t\t\t<\/div>\n\t\t<div class=\"elementor-element elementor-element-22e1bd9 e-flex e-con-boxed e-con e-parent\" data-id=\"22e1bd9\" data-element_type=\"container\" data-e-type=\"container\">\n\t\t\t\t\t<div class=\"e-con-inner\">\n\t\t\t\t<div class=\"elementor-element elementor-element-3868462 elementor-widget elementor-widget-text-editor\" data-id=\"3868462\" data-element_type=\"widget\" data-e-type=\"widget\" data-widget_type=\"text-editor.default\">\n\t\t\t\t\t\t\t\t\t<p>En Aristi Remodeling Inc., ofrecemos servicios profesionales de remodelaci\u00f3n para mejorar y transformar espacios residenciales. Nuestro equipo se centra en la calidad de la mano de obra, el dise\u00f1o funcional y la atenci\u00f3n al detalle para hacer realidad sus ideas de renovaci\u00f3n.<\/p>\t\t\t\t\t\t\t\t<\/div>\n\t\t\t\t\t<\/div>\n\t\t\t\t<\/div>\n\t\t<div class=\"elementor-element elementor-element-f6e2833 e-flex e-con-boxed e-con e-parent\" data-id=\"f6e2833\" data-element_type=\"container\" data-e-type=\"container\">\n\t\t\t\t\t<div class=\"e-con-inner\">\n\t\t\t\t<div class=\"elementor-element elementor-element-1bd3392 elementor-widget elementor-widget-text-editor\" data-id=\"1bd3392\" data-element_type=\"widget\" data-e-type=\"widget\" data-widget_type=\"text-editor.default\">\n\t\t\t\t\t\t\t\t\t<p>Nuestros servicios de remodelaci\u00f3n incluyen:<\/p><p class=\" translation-block\">\u2022 Remodelaci\u00f3n de ba\u00f1os<br>\u2022 Remodelaci\u00f3n de cocinas<br>\u2022 Renovaciones de interiores<br>\u2022 Drywall y acabados<br>\u2022 Instalaci\u00f3n de pisos<br>\u2022 Pintura y acabados de interiores<\/p>\t\t\t\t\t\t\t\t<\/div>\n\t\t\t\t\t<\/div>\n\t\t\t\t<\/div>\n\t\t<div class=\"elementor-element elementor-element-1f1189f e-flex e-con-boxed e-con e-parent\" data-id=\"1f1189f\" data-element_type=\"container\" data-e-type=\"container\">\n\t\t\t\t\t<div class=\"e-con-inner\">\n\t\t\t\t<div class=\"elementor-element elementor-element-b9fb1c8 elementor-widget elementor-widget-heading\" data-id=\"b9fb1c8\" data-element_type=\"widget\" data-e-type=\"widget\" data-widget_type=\"heading.default\">\n\t\t\t\t\t<h2 class=\"elementor-heading-title elementor-size-default\">Ver m\u00e1s de nuestro trabajo<\/h2>\t\t\t\t<\/div>\n\t\t\t\t\t<\/div>\n\t\t\t\t<\/div>\n\t\t<div class=\"elementor-element elementor-element-cbc50e9 e-flex e-con-boxed e-con e-parent\" data-id=\"cbc50e9\" data-element_type=\"container\" data-e-type=\"container\">\n\t\t\t\t\t<div class=\"e-con-inner\">\n\t\t\t\t<div class=\"elementor-element elementor-element-a80cf75 elementor-widget elementor-widget-text-editor\" data-id=\"a80cf75\" data-element_type=\"widget\" data-e-type=\"widget\" data-widget_type=\"text-editor.default\">\n\t\t\t\t\t\t\t\t\t<p>Para ver m\u00e1s de nuestros proyectos de remodelaci\u00f3n,drywall y construcci\u00f3n, visite nuestras redes sociales, donde compartimos regularmente trabajos reales, el progreso de los proyectos y transformaciones de hogares.<\/p>\t\t\t\t\t\t\t\t<\/div>\n\t\t\t\t\t<\/div>\n\t\t\t\t<\/div>\n\t\t<div class=\"elementor-element elementor-element-6eb923b e-flex e-con-boxed e-con e-parent\" data-id=\"6eb923b\" data-element_type=\"container\" data-e-type=\"container\">\n\t\t\t\t\t<div class=\"e-con-inner\">\n\t\t\t\t<div class=\"elementor-element elementor-element-bfeb1c1 elementor-widget elementor-widget-button\" data-id=\"bfeb1c1\" data-element_type=\"widget\" data-e-type=\"widget\" data-widget_type=\"button.default\">\n\t\t\t\t\t\t\t\t\t\t<a class=\"elementor-button elementor-button-link elementor-size-sm\" href=\"https:\/\/www.tiktok.com\/@aristiremodelinginc?_r=1&#038;_t=ZP-94aC3RNSRiQ\" target=\"_blank\" rel=\"noopener\">\n\t\t\t\t\t\t<span class=\"elementor-button-content-wrapper\">\n\t\t\t\t\t\t<span class=\"elementor-button-icon\">\n\t\t\t\t<svg aria-hidden=\"true\" class=\"e-font-icon-svg e-fab-tiktok\" viewbox=\"0 0 448 512\" xmlns=\"http:\/\/www.w3.org\/2000\/svg\"><path d=\"M448,209.91a210.06,210.06,0,0,1-122.77-39.25V349.38A162.55,162.55,0,1,1,185,188.31V278.2a74.62,74.62,0,1,0,52.23,71.18V0l88,0a121.18,121.18,0,0,0,1.86,22.17h0A122.18,122.18,0,0,0,381,102.39a121.43,121.43,0,0,0,67,20.14Z\"><\/path><\/svg>\t\t\t<\/span>\n\t\t\t\t\t\t\t\t\t<span class=\"elementor-button-text\">Mira nuestro trabajo en TikTok<\/span>\n\t\t\t\t\t<\/span>\n\t\t\t\t\t<\/a>\n\t\t\t\t\t\t\t\t<\/div>\n\t\t\t\t\t<\/div>\n\t\t\t\t<\/div>\n\t\t<div class=\"elementor-element elementor-element-0d3e7be e-flex e-con-boxed e-con e-parent\" data-id=\"0d3e7be\" data-element_type=\"container\" data-e-type=\"container\">\n\t\t\t\t\t<div class=\"e-con-inner\">\n\t\t\t\t<div class=\"elementor-element elementor-element-8911bef elementor-widget elementor-widget-heading\" data-id=\"8911bef\" data-element_type=\"widget\" data-e-type=\"widget\" data-widget_type=\"heading.default\">\n\t\t\t\t\t<h2 class=\"elementor-heading-title elementor-size-default\">Obt\u00e9n tu cotizaci\u00f3n GRATIS<\/h2>\t\t\t\t<\/div>\n\t\t\t\t\t<\/div>\n\t\t\t\t<\/div>\n\t\t<div class=\"elementor-element elementor-element-358af26 e-flex e-con-boxed e-con e-parent\" data-id=\"358af26\" data-element_type=\"container\" data-e-type=\"container\">\n\t\t\t\t\t<div class=\"e-con-inner\">\n\t\t\t\t<div class=\"elementor-element elementor-element-07d274b elementor-widget elementor-widget-text-editor\" data-id=\"07d274b\" data-element_type=\"widget\" data-e-type=\"widget\" data-widget_type=\"text-editor.default\">\n\t\t\t\t\t\t\t\t\t<p>\u00bfEst\u00e1 planeando un proyecto de remodelaci\u00f3n para su hogar?<\/p><p>Comun\u00edquese hoy mismo con Aristi Remodeling para solicitar un presupuesto gratuito. Nuestro equipo est\u00e1 listo para ayudarle a transformar su espacio con una mano de obra profesional y un servicio confiable.<\/p>\t\t\t\t\t\t\t\t<\/div>\n\t\t\t\t\t<\/div>\n\t\t\t\t<\/div>\n\t\t<div class=\"elementor-element elementor-element-4554595 e-flex e-con-boxed e-con e-parent\" data-id=\"4554595\" data-element_type=\"container\" data-e-type=\"container\">\n\t\t\t\t\t<div class=\"e-con-inner\">\n\t\t\t\t<div class=\"elementor-element elementor-element-02607f8 elementor-widget elementor-widget-button\" data-id=\"02607f8\" data-element_type=\"widget\" data-e-type=\"widget\" data-widget_type=\"button.default\">\n\t\t\t\t\t\t\t\t\t\t<a class=\"elementor-button elementor-button-link elementor-size-sm\" href=\"\/#contact\">\n\t\t\t\t\t\t<span class=\"elementor-button-content-wrapper\">\n\t\t\t\t\t\t\t\t\t<span class=\"elementor-button-text\">Obt\u00e9n tu cotizaci\u00f3n GRATIS<\/span>\n\t\t\t\t\t<\/span>\n\t\t\t\t\t<\/a>\n\t\t\t\t\t\t\t\t<\/div>\n\t\t\t\t\t<\/div>\n\t\t\t\t<\/div>\n\t\t\t\t<\/div>","protected":false},"excerpt":{"rendered":"<p>Remodeling Services https:\/\/aristiremodelinginc.com\/wp-content\/uploads\/2026\/03\/WhatsApp-Video-2026-03-20-at-12.04.32-AM.mp4 Professional Remodeling Services At Aristi Remodeling Inc., we provide professional remodeling services to improve and transform residential spaces. Our team focuses on quality craftsmanship, functional design, and attention to detail to bring your renovation ideas to life. Our Remodeling Services Include: \u2022 Bathroom remodeling\u2022 Kitchen remodeling\u2022 Interior renovations\u2022 Drywall and finishing work\u2022 [&hellip;]<\/p>\n","protected":false},"author":1,"featured_media":0,"parent":0,"menu_order":0,"comment_status":"closed","ping_status":"closed","template":"","meta":{"_joinchat":[],"footnotes":""},"class_list":["post-235","page","type-page","status-publish","hentry"],"_links":{"self":[{"href":"https:\/\/aristiremodelinginc.com\/es\/wp-json\/wp\/v2\/pages\/235","targetHints":{"allow":["GET"]}}],"collection":[{"href":"https:\/\/aristiremodelinginc.com\/es\/wp-json\/wp\/v2\/pages"}],"about":[{"href":"https:\/\/aristiremodelinginc.com\/es\/wp-json\/wp\/v2\/types\/page"}],"author":[{"embeddable":true,"href":"https:\/\/aristiremodelinginc.com\/es\/wp-json\/wp\/v2\/users\/1"}],"replies":[{"embeddable":true,"href":"https:\/\/aristiremodelinginc.com\/es\/wp-json\/wp\/v2\/comments?post=235"}],"version-history":[{"count":11,"href":"https:\/\/aristiremodelinginc.com\/es\/wp-json\/wp\/v2\/pages\/235\/revisions"}],"predecessor-version":[{"id":356,"href":"https:\/\/aristiremodelinginc.com\/es\/wp-json\/wp\/v2\/pages\/235\/revisions\/356"}],"wp:attachment":[{"href":"https:\/\/aristiremodelinginc.com\/es\/wp-json\/wp\/v2\/media?parent=235"}],"curies":[{"name":"wp","href":"https:\/\/api.w.org\/{rel}","templated":true}]}}