{"id":191,"date":"2026-03-10T22:28:10","date_gmt":"2026-03-10T22:28:10","guid":{"rendered":"https:\/\/aristiremodelinginc.com\/?page_id=191"},"modified":"2026-03-11T03:51:39","modified_gmt":"2026-03-11T03:51:39","slug":"framing","status":"publish","type":"page","link":"https:\/\/aristiremodelinginc.com\/es\/framing\/","title":{"rendered":"Estructura"},"content":{"rendered":"<div data-elementor-type=\"wp-page\" data-elementor-id=\"191\" class=\"elementor elementor-191\">\n\t\t\t\t<div class=\"elementor-element elementor-element-cab343a e-flex e-con-boxed e-con e-parent\" data-id=\"cab343a\" data-element_type=\"container\" data-e-type=\"container\">\n\t\t\t\t\t<div class=\"e-con-inner\">\n\t\t\t\t<div class=\"elementor-element elementor-element-e3a4dbb elementor-widget elementor-widget-heading\" data-id=\"e3a4dbb\" data-element_type=\"widget\" data-e-type=\"widget\" data-widget_type=\"heading.default\">\n\t\t\t\t\t<h2 class=\"elementor-heading-title elementor-size-default\">Servicios de Estructura<\/h2>\t\t\t\t<\/div>\n\t\t\t\t\t<\/div>\n\t\t\t\t<\/div>\n\t\t<div class=\"elementor-element elementor-element-eb6164a e-flex e-con-boxed e-con e-parent\" data-id=\"eb6164a\" data-element_type=\"container\" data-e-type=\"container\">\n\t\t\t\t\t<div class=\"e-con-inner\">\n\t\t\t\t<div class=\"elementor-element elementor-element-9766f5d elementor-widget elementor-widget-video\" data-id=\"9766f5d\" data-element_type=\"widget\" data-e-type=\"widget\" data-settings=\"{&quot;video_type&quot;:&quot;hosted&quot;,&quot;controls&quot;:&quot;yes&quot;}\" data-widget_type=\"video.default\">\n\t\t\t\t\t\t\t<div class=\"e-hosted-video elementor-wrapper elementor-open-inline\">\n\t\t\t\t\t<video class=\"elementor-video\" src=\"https:\/\/aristiremodelinginc.com\/wp-content\/uploads\/2026\/03\/WhatsApp-Video-2026-03-10-at-7.33.10-PM.mp4\" controls=\"\" preload=\"metadata\" controlslist=\"nodownload\"><\/video>\n\t\t\t\t<\/div>\n\t\t\t\t\t\t<\/div>\n\t\t\t\t<div class=\"elementor-element elementor-element-1d561f0 elementor-widget elementor-widget-heading\" data-id=\"1d561f0\" data-element_type=\"widget\" data-e-type=\"widget\" data-widget_type=\"heading.default\">\n\t\t\t\t\t<h2 class=\"elementor-heading-title elementor-size-default\">Profesional Servicios de Estructura<\/h2>\t\t\t\t<\/div>\n\t\t\t\t\t<\/div>\n\t\t\t\t<\/div>\n\t\t<div class=\"elementor-element elementor-element-432e7cc e-flex e-con-boxed e-con e-parent\" data-id=\"432e7cc\" data-element_type=\"container\" data-e-type=\"container\">\n\t\t\t\t\t<div class=\"e-con-inner\">\n\t\t\t\t<div class=\"elementor-element elementor-element-f41718d elementor-widget elementor-widget-text-editor\" data-id=\"f41718d\" data-element_type=\"widget\" data-e-type=\"widget\" data-widget_type=\"text-editor.default\">\n\t\t\t\t\t\t\t\t\t<p>En Aristi Remodeling Inc., ofrecemos servicios profesionales de estructuras para proyectos residenciales de remodelaci\u00f3n y construcci\u00f3n. Nuestro equipo construye estructuras robustas y precisas que sirven como base para el drywall, las paredes y los trabajos de acabado. Nos aseguramos de que cada estructura est\u00e9 nivelada, segura y lista para la siguiente etapa de la construcci\u00f3n.<\/p>\t\t\t\t\t\t\t\t<\/div>\n\t\t\t\t\t<\/div>\n\t\t\t\t<\/div>\n\t\t<div class=\"elementor-element elementor-element-3ca8762 e-flex e-con-boxed e-con e-parent\" data-id=\"3ca8762\" data-element_type=\"container\" data-e-type=\"container\">\n\t\t\t\t\t<div class=\"e-con-inner\">\n\t\t\t\t<div class=\"elementor-element elementor-element-e30651a elementor-widget elementor-widget-text-editor\" data-id=\"e30651a\" data-element_type=\"widget\" data-e-type=\"widget\" data-widget_type=\"text-editor.default\">\n\t\t\t\t\t\t\t\t\t<p><strong>Nuestros servicios de estructuras incluyen: <\/strong><\/p><p>\u2022 Estructura de pared de madera\u00a0\u00a0<\/p><p>\u2022 Estructura met\u00e1lica\u00a0\u00a0<\/p><p>\u2022 Estructura de paredes interiores\u00a0\u00a0<\/p><p>\u2022 Estructuras de soporte para proyectos de remodelaci\u00f3n\u00a0\u00a0<\/p><p>\u2022 Estructuras de puertas y ventanas\u00a0\u00a0<\/p><p>\u2022 Preparaci\u00f3n de la estructura para la instalaci\u00f3n de drywall\u00a0\u00a0<\/p><p>\u2022 Refuerzo y ajustes estructurales<\/p>\t\t\t\t\t\t\t\t<\/div>\n\t\t\t\t\t<\/div>\n\t\t\t\t<\/div>\n\t\t<div class=\"elementor-element elementor-element-ef6c29c e-flex e-con-boxed e-con e-parent\" data-id=\"ef6c29c\" data-element_type=\"container\" data-e-type=\"container\">\n\t\t\t\t\t<div class=\"e-con-inner\">\n\t\t\t\t<div class=\"elementor-element elementor-element-b5e1b1c elementor-widget elementor-widget-heading\" data-id=\"b5e1b1c\" data-element_type=\"widget\" data-e-type=\"widget\" data-widget_type=\"heading.default\">\n\t\t\t\t\t<h2 class=\"elementor-heading-title elementor-size-default\">Ver m\u00e1s de nuestro trabajo<\/h2>\t\t\t\t<\/div>\n\t\t\t\t\t<\/div>\n\t\t\t\t<\/div>\n\t\t<div class=\"elementor-element elementor-element-08205ef e-flex e-con-boxed e-con e-parent\" data-id=\"08205ef\" data-element_type=\"container\" data-e-type=\"container\">\n\t\t\t\t\t<div class=\"e-con-inner\">\n\t\t\t\t<div class=\"elementor-element elementor-element-7811444 elementor-widget elementor-widget-text-editor\" data-id=\"7811444\" data-element_type=\"widget\" data-e-type=\"widget\" data-widget_type=\"text-editor.default\">\n\t\t\t\t\t\t\t\t\t<p>Para ver m\u00e1s de nuestros proyectos de drywall, remodelaci\u00f3n y acabados, visite nuestras redes sociales, donde compartimos regularmente videos y el progreso de nuestro trabajo.<\/p>\t\t\t\t\t\t\t\t<\/div>\n\t\t\t\t\t<\/div>\n\t\t\t\t<\/div>\n\t\t<div class=\"elementor-element elementor-element-944ff63 e-flex e-con-boxed e-con e-parent\" data-id=\"944ff63\" data-element_type=\"container\" data-e-type=\"container\">\n\t\t\t\t\t<div class=\"e-con-inner\">\n\t\t\t\t<div class=\"elementor-element elementor-element-71eb0f8 elementor-widget elementor-widget-button\" data-id=\"71eb0f8\" data-element_type=\"widget\" data-e-type=\"widget\" data-widget_type=\"button.default\">\n\t\t\t\t\t\t\t\t\t\t<a class=\"elementor-button elementor-button-link elementor-size-sm\" href=\"https:\/\/www.tiktok.com\/@aristiremodelinginc?_r=1&#038;_t=ZP-94aC3RNSRiQ\" target=\"_blank\" rel=\"noopener\">\n\t\t\t\t\t\t<span class=\"elementor-button-content-wrapper\">\n\t\t\t\t\t\t<span class=\"elementor-button-icon\">\n\t\t\t\t<svg aria-hidden=\"true\" class=\"e-font-icon-svg e-fab-tiktok\" viewbox=\"0 0 448 512\" xmlns=\"http:\/\/www.w3.org\/2000\/svg\"><path d=\"M448,209.91a210.06,210.06,0,0,1-122.77-39.25V349.38A162.55,162.55,0,1,1,185,188.31V278.2a74.62,74.62,0,1,0,52.23,71.18V0l88,0a121.18,121.18,0,0,0,1.86,22.17h0A122.18,122.18,0,0,0,381,102.39a121.43,121.43,0,0,0,67,20.14Z\"><\/path><\/svg>\t\t\t<\/span>\n\t\t\t\t\t\t\t\t\t<span class=\"elementor-button-text\">Mira nuestro trabajo en TikTok<\/span>\n\t\t\t\t\t<\/span>\n\t\t\t\t\t<\/a>\n\t\t\t\t\t\t\t\t<\/div>\n\t\t\t\t\t<\/div>\n\t\t\t\t<\/div>\n\t\t<div class=\"elementor-element elementor-element-1e34db6 e-flex e-con-boxed e-con e-parent\" data-id=\"1e34db6\" data-element_type=\"container\" data-e-type=\"container\">\n\t\t\t\t\t<div class=\"e-con-inner\">\n\t\t\t\t<div class=\"elementor-element elementor-element-0c6b95e elementor-widget elementor-widget-heading\" data-id=\"0c6b95e\" data-element_type=\"widget\" data-e-type=\"widget\" data-widget_type=\"heading.default\">\n\t\t\t\t\t<h2 class=\"elementor-heading-title elementor-size-default\"><h2 data-elementor-setting-key=\"title\" data-pen-placeholder=\"Teclea aqu\u00ed...\" style=\"font-family: Roboto, sans-serif;font-weight: 600\">Obt\u00e9n tu cotizaci\u00f3n GRATIS<span style=\"font-size: 2rem\"><\/span><\/h2><\/h2>\t\t\t\t<\/div>\n\t\t\t\t\t<\/div>\n\t\t\t\t<\/div>\n\t\t<div class=\"elementor-element elementor-element-44c6d5e e-flex e-con-boxed e-con e-parent\" data-id=\"44c6d5e\" data-element_type=\"container\" data-e-type=\"container\">\n\t\t\t\t\t<div class=\"e-con-inner\">\n\t\t\t\t<div class=\"elementor-element elementor-element-3318406 elementor-widget elementor-widget-text-editor\" data-id=\"3318406\" data-element_type=\"widget\" data-e-type=\"widget\" data-widget_type=\"text-editor.default\">\n\t\t\t\t\t\t\t\t\t<p>\u00bfBusca servicios profesionales de estructuras para su proyecto de remodelaci\u00f3n o construcci\u00f3n?<\/p><p><span style=\"font-size: 1rem;\">Comun\u00edquese hoy mismo con Aristi Remodeling para solicitar un presupuesto gratuito. Nuestro equipo realiza un enmarcado estructural y de paredes preciso, as\u00ed como la preparaci\u00f3n para la instalaci\u00f3n de drywall, con una mano de obra confiable y atenci\u00f3n al detalle.<\/span><\/p>\t\t\t\t\t\t\t\t<\/div>\n\t\t\t\t\t<\/div>\n\t\t\t\t<\/div>\n\t\t<div class=\"elementor-element elementor-element-9f57c96 e-flex e-con-boxed e-con e-parent\" data-id=\"9f57c96\" data-element_type=\"container\" data-e-type=\"container\">\n\t\t\t\t\t<div class=\"e-con-inner\">\n\t\t\t\t<div class=\"elementor-element elementor-element-600aa19 elementor-widget elementor-widget-button\" data-id=\"600aa19\" data-element_type=\"widget\" data-e-type=\"widget\" data-widget_type=\"button.default\">\n\t\t\t\t\t\t\t\t\t\t<a class=\"elementor-button elementor-button-link elementor-size-sm\" href=\"\/#contact\">\n\t\t\t\t\t\t<span class=\"elementor-button-content-wrapper\">\n\t\t\t\t\t\t\t\t\t<span class=\"elementor-button-text\">Obt\u00e9n tu cotizaci\u00f3n GRATIS<\/span>\n\t\t\t\t\t<\/span>\n\t\t\t\t\t<\/a>\n\t\t\t\t\t\t\t\t<\/div>\n\t\t\t\t\t<\/div>\n\t\t\t\t<\/div>\n\t\t<div class=\"elementor-element elementor-element-3711dca e-flex e-con-boxed e-con e-parent\" data-id=\"3711dca\" data-element_type=\"container\" data-e-type=\"container\">\n\t\t\t\t\t<div class=\"e-con-inner\">\n\t\t\t\t\t<\/div>\n\t\t\t\t<\/div>\n\t\t\t\t<\/div>","protected":false},"excerpt":{"rendered":"<p>Framing Services https:\/\/aristiremodelinginc.com\/wp-content\/uploads\/2026\/03\/WhatsApp-Video-2026-03-10-at-7.33.10-PM.mp4 Professional Framing Services At Aristi Remodeling Inc., we provide professional framing services for residential remodeling and construction projects. Our team builds strong and precise structural frames that serve as the foundation for drywall, walls, and finishing work. We ensure every structure is level, secure, and ready for the next stage of construction. [&hellip;]<\/p>\n","protected":false},"author":1,"featured_media":0,"parent":0,"menu_order":0,"comment_status":"closed","ping_status":"closed","template":"","meta":{"_joinchat":[],"footnotes":""},"class_list":["post-191","page","type-page","status-publish","hentry"],"_links":{"self":[{"href":"https:\/\/aristiremodelinginc.com\/es\/wp-json\/wp\/v2\/pages\/191","targetHints":{"allow":["GET"]}}],"collection":[{"href":"https:\/\/aristiremodelinginc.com\/es\/wp-json\/wp\/v2\/pages"}],"about":[{"href":"https:\/\/aristiremodelinginc.com\/es\/wp-json\/wp\/v2\/types\/page"}],"author":[{"embeddable":true,"href":"https:\/\/aristiremodelinginc.com\/es\/wp-json\/wp\/v2\/users\/1"}],"replies":[{"embeddable":true,"href":"https:\/\/aristiremodelinginc.com\/es\/wp-json\/wp\/v2\/comments?post=191"}],"version-history":[{"count":22,"href":"https:\/\/aristiremodelinginc.com\/es\/wp-json\/wp\/v2\/pages\/191\/revisions"}],"predecessor-version":[{"id":234,"href":"https:\/\/aristiremodelinginc.com\/es\/wp-json\/wp\/v2\/pages\/191\/revisions\/234"}],"wp:attachment":[{"href":"https:\/\/aristiremodelinginc.com\/es\/wp-json\/wp\/v2\/media?parent=191"}],"curies":[{"name":"wp","href":"https:\/\/api.w.org\/{rel}","templated":true}]}}